{"id":1621,"date":"2023-11-19T09:04:33","date_gmt":"2023-11-19T08:04:33","guid":{"rendered":"https:\/\/lacasadecarlota.com\/avis-legal\/"},"modified":"2023-11-20T20:39:13","modified_gmt":"2023-11-20T19:39:13","slug":"avis-legal","status":"publish","type":"page","link":"https:\/\/lacasadecarlota.com\/ca\/avis-legal\/","title":{"rendered":"Av\u00eds legal"},"content":{"rendered":"\n<p>Aquesta p\u00e0gina web \u00e9s propietat de l&#8217;ESTUDI CASA CARLOTA, S.L. amb NIF n\u00ba B66072273 i domicili a l&#8217;Av. Diagonal, 418, 1r 1a (08037 Barcelona) i est\u00e0 inscrita en el Registre Mercantil de Barcelona, Tom 43828, Full 1, Full B-439480, Inscripci\u00f3 1.<\/p>\n\n<p>Per a qualsevol consulta o proposta, poseu-vos en contacte amb nosaltres a trav\u00e9s del correu electr\u00f2nic: barcelona@lacasadecarlota.com<\/p>\n\n<p>Aquesta p\u00e0gina web est\u00e0 sotmesa a la normativa exclusivament aplicable a Espanya, i estan subjectes a ella tant els nacionals com els estrangers que utilitzin aquesta web.<\/p>\n\n<p>L&#8217;acc\u00e9s a la nostra p\u00e0gina web per part de l&#8217;USUARI \u00e9s gratu\u00eft i est\u00e0 condicionat a la pr\u00e8via lectura i acceptaci\u00f3 \u00edntegra, expressa i sense reserves de les presents CONDICIONS GENERALS D&#8217;\u00daS vigents en el moment de l&#8217;acc\u00e9s, que us preguem llegiu detingudament.<\/p>\n\n<p>L&#8217;USUARI, en el moment que utilitza el nostre portal, els seus continguts o serveis, accepta i es sotmet expressament a les condicions generals d&#8217;\u00fas del mateix. Si l&#8217;usuari no estigu\u00e9s d&#8217;acord amb les presents condicions d&#8217;\u00fas, haur\u00e0 d&#8217;abstenir-se d&#8217;utilitzar aquest portal i operar mitjan\u00e7ant el mateix.<\/p>\n\n<p>En qualsevol moment podrem modificar la presentaci\u00f3 i configuraci\u00f3 de la nostra web, ampliar o reduir serveis, i fins i tot eliminar-la de la xarxa, aix\u00ed com els serveis i continguts prestats, tot aix\u00f2 de forma unilateral i sense previ av\u00eds.<\/p>\n\n<h2 class=\"wp-block-heading\">A. PROPIETAT INTELLECTUAL<\/h2>\n\n<p>Tots els continguts, textos, imatges, marques i codis font s\u00f3n de la nostra propietat o de tercers als quals s&#8217;han adquirit els seus drets d&#8217;explotaci\u00f3, i estan protegits pels drets de Propietat Intel\u00b7lectual i Industrial.<\/p>\n\n<p>L&#8217;usuari \u00fanicament t\u00e9 dret a un \u00fas privat dels mateixos, sense \u00e0nim de lucre, i necessita autoritzaci\u00f3 expressa per modificar-los, reproduir-los, explotar-los, distribuir-los o exercir qualsevol dret pertanyent al seu titular.<\/p>\n\n<h2 class=\"wp-block-heading\">B. CONDICIONS D&#8217;ACC\u00c9S<\/h2>\n\n<p>L&#8217;acc\u00e9s a la nostra p\u00e0gina web \u00e9s gratu\u00eft i no exigeix pr\u00e8via subscripci\u00f3 o registre.<\/p>\n\n<p>L&#8217;enviament de dades personals implica l&#8217;acceptaci\u00f3 expressa per part de l&#8217;USUARI de la nostra pol\u00edtica de privadesa.<\/p>\n\n<p>L&#8217;usuari ha d&#8217;accedir al nostre lloc web conforme a la bona fe, les normes d&#8217;ordre p\u00fablic i a les presents Condicions Generals d&#8217;\u00fas. L&#8217;acc\u00e9s al nostre lloc web es realitza sota la pr\u00f2pia i exclusiva responsabilitat de l&#8217;usuari, qui respondr\u00e0 en tot cas dels danys i perjudicis que pugui causar a tercers o a nosaltres mateixos.<\/p>\n\n<p>Tenint en compte la impossibilitat de controlar respecte a la informaci\u00f3, continguts i serveis que continguin altres p\u00e0gines web als quals es pugui accedir a trav\u00e9s dels enlla\u00e7os que la nostra p\u00e0gina web pugui posar a la seva disposici\u00f3, us comuniquem que quedem exempts de qualsevol responsabilitat pels danys i perjudicis de tota mena que poguessin derivar per la utilitzaci\u00f3 d&#8217;aquestes p\u00e0gines web alienes a la nostra empresa per part de l&#8217;usuari.<\/p>\n\n<h2 class=\"wp-block-heading\">C. POL\u00cdTICA DE PRIVACITAT<\/h2>\n\n<p>La confidencialitat i la seguretat s\u00f3n valors primordials d&#8217;ESTUDIO CASA CARLOTA, S.L., i en conseq\u00fc\u00e8ncia, assumeixem el comprom\u00eds de garantir la privadesa de l&#8217;Usuari en tot moment i de no recopilar informaci\u00f3 innecess\u00e0ria. A continuaci\u00f3, li proporcionem tota la informaci\u00f3 necess\u00e0ria sobre la nostra Pol\u00edtica de Privadesa en relaci\u00f3 amb les dades personals que recopilem, explicant-li:<\/p>\n\n<ul class=\"wp-block-list\">\n<li>Qui \u00e9s el responsable del tractament de les seves dades.<\/li>\n\n\n\n<li>Quines dades tractem.<\/li>\n\n\n\n<li>Per a quines finalitats recopilem les dades que li sol\u00b7licitem.<\/li>\n\n\n\n<li>Quina \u00e9s la legitimaci\u00f3 per al seu tractament.<\/li>\n\n\n\n<li>Durant quant de temps els conservem.<\/li>\n\n\n\n<li>A quins destinataris es comuniquen les seves dades.<\/li>\n\n\n\n<li>Quins s\u00f3n els seus drets i com exercir-los.<\/li>\n<\/ul>\n\n<h2 class=\"wp-block-heading\">1. RESPONSABLE<\/h2>\n\n<p>Veure les dades a l&#8217;encap\u00e7alament.<\/p>\n\n<h2 class=\"wp-block-heading\">2. DADES TRACTADES:<\/h2>\n\n<p>Segons el tipus de servei, ser\u00e0 necessari el tractament de les dades personals sol\u00b7licitades o altres que podran ser, segons el cas, els seguents:<\/p>\n\n<ul class=\"wp-block-list\">\n<li>Dades identificatives, de contacte, domicili i altres necess\u00e0ries per a la gesti\u00f3 i execuci\u00f3 de les consultes i altres comunicacions rebudes mitjan\u00e7ant l&#8217;enviament de correus electr\u00f2nics.<\/li>\n\n\n\n<li>Dades de connexi\u00f3 i navegaci\u00f3 (adre\u00e7a IP, etc.), en el seu cas, mitjan\u00e7ant les galetes (cookies).<\/li>\n<\/ul>\n\n<h2 class=\"wp-block-heading\">3. FINALITATS, LEGITIMACI\u00d3 I CONSERVACI\u00d3 DELS TRACTAMENTS ENVIATS A TRAV\u00c9S DE:<\/h2>\n\n<h3 class=\"wp-block-heading\">ENVIAMENT DE CORREUS ELECTR\u00d2NICS<\/h3>\n\n<p>Finalitat: Respondre a les seves sol\u00b7licituds d&#8217;informaci\u00f3, atendre les seves peticions i respondre les seves consultes o dubtes. En cas de rebre les seves dades curriculars (CV) per mitj\u00e0 del correu electr\u00f2nic, es tractar\u00e0 la seva informaci\u00f3 perqu\u00e8 pugui participar en els nostres processos de selecci\u00f3 de personal presents i futurs, realitzar les entrevistes corresponents, si escau, i verificar les seves refer\u00e8ncies.<\/p>\n\n<p>Legitimaci\u00f3: El consentiment de l&#8217;usuari en sol\u00b7licitar-nos informaci\u00f3 a trav\u00e9s de l&#8217;adre\u00e7a de correu electr\u00f2nic o enviar-nos la seva informaci\u00f3 personal i curricular a trav\u00e9s d&#8217;aquest mitj\u00e0.<\/p>\n\n<p>Conservaci\u00f3n: Una vez resulta contestada su petici\u00f3n por correo electr\u00f3nico, si no ha generado un nuevo tratamiento. En caso de enviar su CV, este se conservar\u00e1, como m\u00e1ximo, durante un a\u00f1o para futuros procesos de selecci\u00f3n, tras el cual, se proceder\u00e1 a destruir su CV, salvo que haya iniciado un nuevo tratamiento.<\/p>\n\n<h3 class=\"wp-block-heading\">\u00a0COOKIES ANAL\u00cdTIQUES<\/h3>\n\n<p>Finalitats: Utilitzem aquestes eines per recopilar informaci\u00f3 amb l&#8217;objectiu d&#8217;elaborar estad\u00edstiques que ens ajuden a analitzar com els usuaris utilitzen la p\u00e0gina web. En el cas de les galetes anal\u00edtiques de Google (Google Analytics), aquest utilitzar\u00e0 la informaci\u00f3 per avaluar l&#8217;\u00fas del lloc web i realitzar informes sobre l&#8217;activitat del lloc web.<\/p>\n\n<p>Legitimaci\u00f3: Consentiment de l&#8217;usuari en acceptar l&#8217;\u00fas de les galetes i inter\u00e8s leg\u00edtim en adaptar el lloc web als interessos i necessitats dels usuaris.<\/p>\n\n<p>Conservaci\u00f3: 2 anys o un altre termini segons les pol\u00edtiques de Google. Pot impedir la recopilaci\u00f3 i transmissi\u00f3 de dades relacionades amb l&#8217;\u00fas del lloc web (inclosa la seva adre\u00e7a IP) a Google i el processament d&#8217;aquestes dades per part de Google mitjan\u00e7ant la desc\u00e0rrega i instal\u00b7laci\u00f3 del connector del navegador disponible en el seg\u00fcent enlla\u00e7: https:\/\/tools.google.com\/dlpage\/gaoptout?hl=es.<\/p>\n\n<p>M\u00e9s informaci\u00f3 a la <a href=\"https:\/\/www.lacasadecarlota.com\/ca\/politica-de-cookies\">Pol\u00edtica de Cookies<\/a>.<\/p>\n\n<h4 class=\"wp-block-heading\">Obligaci\u00f3 de facilitar-nos les seves dades personals i conseq\u00fc\u00e8ncies de no fer-ho.<\/h4>\n\n<p>Les dades personals sol\u00b7licitades s\u00f3n necess\u00e0ries per gestionar les seves sol\u00b7licituds, donar-se d&#8217;alta com a usuari i\/o prestar-li els serveis que pugui contractar. Per tant, si no ens les facilita, no podrem atendre&#8217;l correctament ni prestar-li el servei que ha sol\u00b7licitat.<\/p>\n\n<p>En tot cas, ens reservem el dret de decidir sobre la incorporaci\u00f3 o no de les seves dades personals i altra informaci\u00f3 a les nostres bases de dades.<\/p>\n\n<h4 class=\"wp-block-heading\">Requisits per subministrar dades personals.<\/h4>\n\n<p>El subministrament de dades personals requereix una edat m\u00ednima de 14 anys, o en el seu cas, l&#8217;edat m\u00ednima establerta en la normativa de protecci\u00f3 de dades aplicable i disposar de capacitat jur\u00eddica suficient per a contractar.<\/p>\n\n<p>Si l&#8217;usuari ens proporciona informaci\u00f3 personal de tercers, garanteix haver-los subministrat la informaci\u00f3 necess\u00e0ria sobre les finalitats i la forma en qu\u00e8 es necessita tractar les seves dades personals.<\/p>\n\n<h2 class=\"wp-block-heading\">4. DESTINATARIS DE LES SEVES DADES<\/h2>\n\n<p>Les seves dades s\u00f3n confidencials i no se cediran a tercers, llevat que existeixi obligaci\u00f3 legal o quan la prestaci\u00f3 del servei impliqui la necessitat d&#8217;una relaci\u00f3 contractual amb prove\u00efdors de serveis encarregats del tractament, els quals no tractaran les seves dades per a finalitats pr\u00f2pies.<\/p>\n\n<p>Prove\u00efdors de serveis: En aquest sentit, aquests tercers encarregats de tractament poden ser col\u00b7laboradors externs (prove\u00efdors de serveis) amb qui es mant\u00e9 un acord, per exemple, prove\u00efdors de serveis tecnol\u00f2gics. No obstant aix\u00f2, aquests encarregats de tractament actuaran sota les instruccions del Responsable de Tractament i no tractaran les seves dades per a finalitats pr\u00f2pies.<\/p>\n\n<p>Transfer\u00e8ncies internacionals de dades: En general, no es preveuen transfer\u00e8ncies internacionals de les seves dades personals a pa\u00efsos tercers fora de la Uni\u00f3 Europea. No obstant aix\u00f2, la informaci\u00f3 generada per les galetes anal\u00edtiques de Google (Google Analytics) es transferir\u00e0 a un servidor de Google als Estats Units. Google est\u00e0 incl\u00f2s en l&#8217;Escut de Privacitat (Privacy Shield) de la UE-EE. UU., https:\/\/www.privacyshield.gov\/EU-US-Framework.<\/p>\n\n<p>No nos hacemos responsables de la pol\u00edtica de privacidad respecto a los datos personales que pueda facilitar a terceros por medio de los enlaces disponibles en nuestra p\u00e1gina web.<\/p>\n\n<h2 class=\"wp-block-heading\">5. DRETS EN RELACI\u00d3 AMB LES SEVES DADES PERSONALS<\/h2>\n\n<p>Qualsevol persona pot retirar el seu consentiment en qualsevol moment, quan aquest s&#8217;hagi atorgat per al tractament de les seves dades. En cap cas, la retirada d&#8217;aquest consentiment condiciona l&#8217;execuci\u00f3 del contracte de subscripci\u00f3 o les relacions generades amb anterioritat.<\/p>\n\n<p>De la mateixa manera, pot exercir els seg\u00fcents drets:<\/p>\n\n<ul class=\"wp-block-list\">\n<li>Sol\u00b7licitar l&#8217;acc\u00e9s a les seves dades personals o la seva rectificaci\u00f3 quan siguin inexactes.&#13;\n&#13;\n&#13;\n&#13;\n&#13;\n&#13;\n<\/li>\n\n\n\n<li>Sol\u00b7licitar la seva supressi\u00f3 quan, entre altres motius, les dades ja no siguin necess\u00e0ries per als fins per als quals van ser recollides.<\/li>\n\n\n\n<li>Sol\u00b7licitar la limitaci\u00f3 del seu tractament en determinades circumst\u00e0ncies.<\/li>\n\n\n\n<li>Sol\u00b7licitar l&#8217;oposici\u00f3 al tractament de les seves dades per motius relacionats amb la seva situaci\u00f3 particular.<\/li>\n\n\n\n<li>Sol\u00b7licitar la portabilitat de les dades en els casos previstos en la normativa.<\/li>\n\n\n\n<li>Altres drets reconeguts en les normatives aplicables.<\/li>\n<\/ul>\n\n<p>On i com sol\u00b7licitar els seus Drets: Mitjan\u00e7ant un escrit dirigit al responsable a la seva adre\u00e7a postal o electr\u00f2nica (indicades a la secci\u00f3 1), indicant la refer\u00e8ncia &#8220;Dades Personals&#8221;, especificant el dret que es vol exercir i respecte a quines dades personals.<\/p>\n\n<p>En cas de diverg\u00e8ncies amb l&#8217;empresa en relaci\u00f3 amb el tractament de les seves dades, pot presentar una reclamaci\u00f3 davant de l&#8217;Autoritat de Protecci\u00f3 de Dades (www.agpd.es).<\/p>\n\n<h2 class=\"wp-block-heading\">6. SEGURETAT DE LES SEVES DADES PERSONALS<\/h2>\n\n<p>Amb l&#8217;objectiu de salvaguardar la seguretat de les seves dades personals, li informem que hem adoptat totes les mesures de tipus t\u00e8cnic i organitzatiu necess\u00e0ries per garantir la seguretat de les dades personals subministrades, evitant-ne la seva alteraci\u00f3, p\u00e8rdua i tractaments o accessos no autoritzats.<\/p>\n\n<h2 class=\"wp-block-heading\">7. ACTUALITZACI\u00d3 DE LES SEVES DADES<\/h2>\n\n<p>\u00c9s important que perqu\u00e8 puguem mantenir les seves dades personals actualitzades, ens informi sempre que hagi hagut alguna modificaci\u00f3 en elles; en cas contrari, no ens responsabilitzem de la veracitat de les mateixes.<\/p>\n\n<p>La present Pol\u00edtica de Privadesa ha estat modificada amb data 12 de juny de 2019. Podem modificar aquestes pol\u00edtiques de privadesa per adaptar-les a les modificacions que es produeixin en el nostre lloc web, aix\u00ed com a les modificacions legislatives o jurisprudencials sobre dades personals que vagin apareixent, per la qual cosa exigeix la seva lectura cada vegada que ens faciliti les seves dades a trav\u00e9s d&#8217;aquesta web.<\/p>\n\n<h2 class=\"wp-block-heading\">D. RESPONSABILITATS<\/h2>\n\n<p>Al poner a disposici\u00f3n del usuario esta p\u00e1gina Web queremos ofrecerle un servicio de calidad, utilizando la m\u00e1xima diligencia en la prestaci\u00f3n del mismo, as\u00ed como en los medios tecnol\u00f3gicos utilizados. No obstante, no responderemos de la presencia de virus y otros elementos que de alg\u00fan modo puedan da\u00f1ar el sistema inform\u00e1tico del usuario.<\/p>\n\n<p>No garantizamos que la disponibilidad del servicio sea continua e ininterrumpida.<\/p>\n\n<p>No nos hacemos responsables de la pol\u00edtica de privacidad respecto a los datos personales que pueda facilitar a terceros por medio de los enlaces disponibles en nuestra p\u00e1gina web.<\/p>\n\n<p>El USUARIO tiene prohibido cualquier tipo de acci\u00f3n sobre nuestro portal que origine una excesiva sobrecarga de funcionamiento a nuestros sistemas inform\u00e1ticos, as\u00ed como la introducci\u00f3n de virus, o instalaci\u00f3n de robots, o software que altere el normal funcionamiento de nuestra web, o en definitiva pueda causar da\u00f1os a nuestros sistemas inform\u00e1ticos.<\/p>\n\n<p>El USUARIO asume toda la responsabilidad derivada del uso de nuestra p\u00e1gina web.<\/p>\n\n<p>El USUARIO reconoce que ha entendido toda la informaci\u00f3n respecto a las condiciones de uso de nuestro portal, y reconoce que son suficientes para la exclusi\u00f3n del error en las mismas, y por lo tanto, las acepta integra y expresamente.<\/p>\n","protected":false},"excerpt":{"rendered":"<p>Aquesta p\u00e0gina web \u00e9s propietat de l&#8217;ESTUDI CASA CARLOTA, S.L. amb NIF n\u00ba B66072273 i domicili a l&#8217;Av. Diagonal, 418, 1r 1a (08037 Barcelona) i est\u00e0 inscrita en el Registre Mercantil de Barcelona, Tom 43828, Full 1, Full B-439480, Inscripci\u00f3 1. Per a qualsevol consulta o proposta, poseu-vos en contacte amb nosaltres a trav\u00e9s del [&hellip;]<\/p>\n","protected":false},"author":1,"featured_media":0,"parent":0,"menu_order":0,"comment_status":"closed","ping_status":"closed","template":"","meta":{"footnotes":""},"class_list":["post-1621","page","type-page","status-publish","hentry"],"acf":[],"yoast_head":"<!-- This site is optimized with the Yoast SEO plugin v21.5 - https:\/\/yoast.com\/wordpress\/plugins\/seo\/ -->\n<title>Av\u00eds legal - La Casa de Carlota<\/title>\n<meta name=\"robots\" content=\"index, follow, max-snippet:-1, max-image-preview:large, max-video-preview:-1\" \/>\n<link rel=\"canonical\" href=\"https:\/\/lacasadecarlota.com\/ca\/avis-legal\/\" \/>\n<meta property=\"og:locale\" content=\"ca_ES\" \/>\n<meta property=\"og:type\" content=\"article\" \/>\n<meta property=\"og:title\" content=\"Av\u00eds legal - La Casa de Carlota\" \/>\n<meta property=\"og:description\" content=\"Aquesta p\u00e0gina web \u00e9s propietat de l&#8217;ESTUDI CASA CARLOTA, S.L. amb NIF n\u00ba B66072273 i domicili a l&#8217;Av. Diagonal, 418, 1r 1a (08037 Barcelona) i est\u00e0 inscrita en el Registre Mercantil de Barcelona, Tom 43828, Full 1, Full B-439480, Inscripci\u00f3 1. Per a qualsevol consulta o proposta, poseu-vos en contacte amb nosaltres a trav\u00e9s del [&hellip;]\" \/>\n<meta property=\"og:url\" content=\"https:\/\/lacasadecarlota.com\/ca\/avis-legal\/\" \/>\n<meta property=\"og:site_name\" content=\"La Casa de Carlota\" \/>\n<meta property=\"article:publisher\" content=\"https:\/\/www.facebook.com\/lacasadecarlota\" \/>\n<meta property=\"article:modified_time\" content=\"2023-11-20T19:39:13+00:00\" \/>\n<meta property=\"og:image\" content=\"https:\/\/lacasadecarlota.com\/wp-content\/uploads\/2023\/11\/La-Casa-de-Carlota-scaled.jpg\" \/>\n\t<meta property=\"og:image:width\" content=\"2560\" \/>\n\t<meta property=\"og:image:height\" content=\"1771\" \/>\n\t<meta property=\"og:image:type\" content=\"image\/jpeg\" \/>\n<meta name=\"twitter:card\" content=\"summary_large_image\" \/>\n<meta name=\"twitter:site\" content=\"@LaCasadeCarlota\" \/>\n<meta name=\"twitter:label1\" content=\"Temps estimat de lectura\" \/>\n\t<meta name=\"twitter:data1\" content=\"10 minuts\" \/>\n<script type=\"application\/ld+json\" class=\"yoast-schema-graph\">{\"@context\":\"https:\/\/schema.org\",\"@graph\":[{\"@type\":\"WebPage\",\"@id\":\"https:\/\/lacasadecarlota.com\/ca\/avis-legal\/\",\"url\":\"https:\/\/lacasadecarlota.com\/ca\/avis-legal\/\",\"name\":\"Av\u00eds legal - La Casa de Carlota\",\"isPartOf\":{\"@id\":\"https:\/\/lacasadecarlota.com\/#website\"},\"datePublished\":\"2023-11-19T08:04:33+00:00\",\"dateModified\":\"2023-11-20T19:39:13+00:00\",\"breadcrumb\":{\"@id\":\"https:\/\/lacasadecarlota.com\/ca\/avis-legal\/#breadcrumb\"},\"inLanguage\":\"ca\",\"potentialAction\":[{\"@type\":\"ReadAction\",\"target\":[\"https:\/\/lacasadecarlota.com\/ca\/avis-legal\/\"]}]},{\"@type\":\"BreadcrumbList\",\"@id\":\"https:\/\/lacasadecarlota.com\/ca\/avis-legal\/#breadcrumb\",\"itemListElement\":[{\"@type\":\"ListItem\",\"position\":1,\"name\":\"Portada\",\"item\":\"https:\/\/lacasadecarlota.com\/\"},{\"@type\":\"ListItem\",\"position\":2,\"name\":\"Av\u00eds legal\"}]},{\"@type\":\"WebSite\",\"@id\":\"https:\/\/lacasadecarlota.com\/#website\",\"url\":\"https:\/\/lacasadecarlota.com\/\",\"name\":\"La Casa de Carlota\",\"description\":\"La diversidad es la nueva creatividad.\",\"publisher\":{\"@id\":\"https:\/\/lacasadecarlota.com\/#organization\"},\"potentialAction\":[{\"@type\":\"SearchAction\",\"target\":{\"@type\":\"EntryPoint\",\"urlTemplate\":\"https:\/\/lacasadecarlota.com\/?s={search_term_string}\"},\"query-input\":\"required name=search_term_string\"}],\"inLanguage\":\"ca\"},{\"@type\":\"Organization\",\"@id\":\"https:\/\/lacasadecarlota.com\/#organization\",\"name\":\"La Casa de Carlota\",\"url\":\"https:\/\/lacasadecarlota.com\/\",\"logo\":{\"@type\":\"ImageObject\",\"inLanguage\":\"ca\",\"@id\":\"https:\/\/lacasadecarlota.com\/#\/schema\/logo\/image\/\",\"url\":\"https:\/\/lacasadecarlota.com\/wp-content\/uploads\/2023\/11\/lacasadecarlota_brand.svg\",\"contentUrl\":\"https:\/\/lacasadecarlota.com\/wp-content\/uploads\/2023\/11\/lacasadecarlota_brand.svg\",\"width\":421,\"height\":46,\"caption\":\"La Casa de Carlota\"},\"image\":{\"@id\":\"https:\/\/lacasadecarlota.com\/#\/schema\/logo\/image\/\"},\"sameAs\":[\"https:\/\/www.facebook.com\/lacasadecarlota\",\"https:\/\/twitter.com\/LaCasadeCarlota\",\"https:\/\/www.instagram.com\/lacasadecarlota_bcn\/\",\"https:\/\/vimeo.com\/lacasadecarlota\",\"https:\/\/www.linkedin.com\/company\/la-casa-de-carlota\"]}]}<\/script>\n<!-- \/ Yoast SEO plugin. -->","yoast_head_json":{"title":"Av\u00eds legal - La Casa de Carlota","robots":{"index":"index","follow":"follow","max-snippet":"max-snippet:-1","max-image-preview":"max-image-preview:large","max-video-preview":"max-video-preview:-1"},"canonical":"https:\/\/lacasadecarlota.com\/ca\/avis-legal\/","og_locale":"ca_ES","og_type":"article","og_title":"Av\u00eds legal - La Casa de Carlota","og_description":"Aquesta p\u00e0gina web \u00e9s propietat de l&#8217;ESTUDI CASA CARLOTA, S.L. amb NIF n\u00ba B66072273 i domicili a l&#8217;Av. Diagonal, 418, 1r 1a (08037 Barcelona) i est\u00e0 inscrita en el Registre Mercantil de Barcelona, Tom 43828, Full 1, Full B-439480, Inscripci\u00f3 1. Per a qualsevol consulta o proposta, poseu-vos en contacte amb nosaltres a trav\u00e9s del [&hellip;]","og_url":"https:\/\/lacasadecarlota.com\/ca\/avis-legal\/","og_site_name":"La Casa de Carlota","article_publisher":"https:\/\/www.facebook.com\/lacasadecarlota","article_modified_time":"2023-11-20T19:39:13+00:00","og_image":[{"width":2560,"height":1771,"url":"https:\/\/lacasadecarlota.com\/wp-content\/uploads\/2023\/11\/La-Casa-de-Carlota-scaled.jpg","type":"image\/jpeg"}],"twitter_card":"summary_large_image","twitter_site":"@LaCasadeCarlota","twitter_misc":{"Temps estimat de lectura":"10 minuts"},"schema":{"@context":"https:\/\/schema.org","@graph":[{"@type":"WebPage","@id":"https:\/\/lacasadecarlota.com\/ca\/avis-legal\/","url":"https:\/\/lacasadecarlota.com\/ca\/avis-legal\/","name":"Av\u00eds legal - La Casa de Carlota","isPartOf":{"@id":"https:\/\/lacasadecarlota.com\/#website"},"datePublished":"2023-11-19T08:04:33+00:00","dateModified":"2023-11-20T19:39:13+00:00","breadcrumb":{"@id":"https:\/\/lacasadecarlota.com\/ca\/avis-legal\/#breadcrumb"},"inLanguage":"ca","potentialAction":[{"@type":"ReadAction","target":["https:\/\/lacasadecarlota.com\/ca\/avis-legal\/"]}]},{"@type":"BreadcrumbList","@id":"https:\/\/lacasadecarlota.com\/ca\/avis-legal\/#breadcrumb","itemListElement":[{"@type":"ListItem","position":1,"name":"Portada","item":"https:\/\/lacasadecarlota.com\/"},{"@type":"ListItem","position":2,"name":"Av\u00eds legal"}]},{"@type":"WebSite","@id":"https:\/\/lacasadecarlota.com\/#website","url":"https:\/\/lacasadecarlota.com\/","name":"La Casa de Carlota","description":"La diversidad es la nueva creatividad.","publisher":{"@id":"https:\/\/lacasadecarlota.com\/#organization"},"potentialAction":[{"@type":"SearchAction","target":{"@type":"EntryPoint","urlTemplate":"https:\/\/lacasadecarlota.com\/?s={search_term_string}"},"query-input":"required name=search_term_string"}],"inLanguage":"ca"},{"@type":"Organization","@id":"https:\/\/lacasadecarlota.com\/#organization","name":"La Casa de Carlota","url":"https:\/\/lacasadecarlota.com\/","logo":{"@type":"ImageObject","inLanguage":"ca","@id":"https:\/\/lacasadecarlota.com\/#\/schema\/logo\/image\/","url":"https:\/\/lacasadecarlota.com\/wp-content\/uploads\/2023\/11\/lacasadecarlota_brand.svg","contentUrl":"https:\/\/lacasadecarlota.com\/wp-content\/uploads\/2023\/11\/lacasadecarlota_brand.svg","width":421,"height":46,"caption":"La Casa de Carlota"},"image":{"@id":"https:\/\/lacasadecarlota.com\/#\/schema\/logo\/image\/"},"sameAs":["https:\/\/www.facebook.com\/lacasadecarlota","https:\/\/twitter.com\/LaCasadeCarlota","https:\/\/www.instagram.com\/lacasadecarlota_bcn\/","https:\/\/vimeo.com\/lacasadecarlota","https:\/\/www.linkedin.com\/company\/la-casa-de-carlota"]}]}},"_links":{"self":[{"href":"https:\/\/lacasadecarlota.com\/ca\/wp-json\/wp\/v2\/pages\/1621","targetHints":{"allow":["GET"]}}],"collection":[{"href":"https:\/\/lacasadecarlota.com\/ca\/wp-json\/wp\/v2\/pages"}],"about":[{"href":"https:\/\/lacasadecarlota.com\/ca\/wp-json\/wp\/v2\/types\/page"}],"author":[{"embeddable":true,"href":"https:\/\/lacasadecarlota.com\/ca\/wp-json\/wp\/v2\/users\/1"}],"replies":[{"embeddable":true,"href":"https:\/\/lacasadecarlota.com\/ca\/wp-json\/wp\/v2\/comments?post=1621"}],"version-history":[{"count":3,"href":"https:\/\/lacasadecarlota.com\/ca\/wp-json\/wp\/v2\/pages\/1621\/revisions"}],"predecessor-version":[{"id":1624,"href":"https:\/\/lacasadecarlota.com\/ca\/wp-json\/wp\/v2\/pages\/1621\/revisions\/1624"}],"wp:attachment":[{"href":"https:\/\/lacasadecarlota.com\/ca\/wp-json\/wp\/v2\/media?parent=1621"}],"curies":[{"name":"wp","href":"https:\/\/api.w.org\/{rel}","templated":true}]}}